{"id":19637,"date":"2023-03-17T17:55:18","date_gmt":"2023-03-17T17:55:18","guid":{"rendered":"https:\/\/eazae.com\/?page_id=19637"},"modified":"2023-04-12T03:54:24","modified_gmt":"2023-04-11T23:54:24","slug":"vision","status":"publish","type":"page","link":"https:\/\/eazae.com\/fr\/vision\/","title":{"rendered":"Vision"},"content":{"rendered":"<div data-elementor-type=\"wp-page\" data-elementor-id=\"19637\" class=\"elementor elementor-19637\">\n\t\t\t\t\t\t<section class=\"elementor-section elementor-top-section elementor-element elementor-element-c6d2fbd elementor-section-full_width elementor-section-height-min-height elementor-section-height-default elementor-section-items-middle\" data-id=\"c6d2fbd\" data-element_type=\"section\" data-settings=\"{&quot;background_background&quot;:&quot;classic&quot;}\">\n\t\t\t\t\t\t\t<div class=\"elementor-background-overlay\"><\/div>\n\t\t\t\t\t\t\t<div class=\"elementor-container elementor-column-gap-default\">\n\t\t\t\t\t<div class=\"elementor-column elementor-col-100 elementor-top-column elementor-element elementor-element-8315505\" data-id=\"8315505\" data-element_type=\"column\">\n\t\t\t<div class=\"elementor-widget-wrap elementor-element-populated\">\n\t\t\t\t\t\t<div class=\"elementor-element elementor-element-3602a6e elementor-invisible elementor-widget elementor-widget-heading\" data-id=\"3602a6e\" data-element_type=\"widget\" data-settings=\"{&quot;_animation&quot;:&quot;fadeIn&quot;,&quot;_animation_delay&quot;:100}\" data-widget_type=\"heading.default\">\n\t\t\t\t<div class=\"elementor-widget-container\">\n\t\t\t<style>\/*! elementor - v3.23.0 - 05-08-2024 *\/\n.elementor-heading-title{padding:0;margin:0;line-height:1}.elementor-widget-heading .elementor-heading-title[class*=elementor-size-]>a{color:inherit;font-size:inherit;line-height:inherit}.elementor-widget-heading .elementor-heading-title.elementor-size-small{font-size:15px}.elementor-widget-heading .elementor-heading-title.elementor-size-medium{font-size:19px}.elementor-widget-heading .elementor-heading-title.elementor-size-large{font-size:29px}.elementor-widget-heading .elementor-heading-title.elementor-size-xl{font-size:39px}.elementor-widget-heading .elementor-heading-title.elementor-size-xxl{font-size:59px}<\/style><h2 class=\"elementor-heading-title elementor-size-default\">Notre vision<\/h2>\t\t<\/div>\n\t\t\t\t<\/div>\n\t\t\t\t<div class=\"elementor-element elementor-element-9709f04 elementor-invisible elementor-widget elementor-widget-text-editor\" data-id=\"9709f04\" data-element_type=\"widget\" data-settings=\"{&quot;_animation&quot;:&quot;fadeIn&quot;,&quot;_animation_delay&quot;:150}\" data-widget_type=\"text-editor.default\">\n\t\t\t\t<div class=\"elementor-widget-container\">\n\t\t\t<style>\/*! elementor - v3.23.0 - 05-08-2024 *\/\n.elementor-widget-text-editor.elementor-drop-cap-view-stacked .elementor-drop-cap{background-color:#69727d;color:#fff}.elementor-widget-text-editor.elementor-drop-cap-view-framed .elementor-drop-cap{color:#69727d;border:3px solid;background-color:transparent}.elementor-widget-text-editor:not(.elementor-drop-cap-view-default) .elementor-drop-cap{margin-top:8px}.elementor-widget-text-editor:not(.elementor-drop-cap-view-default) .elementor-drop-cap-letter{width:1em;height:1em}.elementor-widget-text-editor .elementor-drop-cap{float:left;text-align:center;line-height:1;font-size:50px}.elementor-widget-text-editor .elementor-drop-cap-letter{display:inline-block}<\/style>\t\t\t\t<p>Nous croyons en une vision \u00e0 long terme plut\u00f4t qu&#039;en gains \u00e0 court terme\u00a0<\/p>\t\t\t\t\t\t<\/div>\n\t\t\t\t<\/div>\n\t\t\t\t\t<\/div>\n\t\t<\/div>\n\t\t\t\t\t<\/div>\n\t\t<\/section>\n\t\t\t\t<section class=\"elementor-section elementor-top-section elementor-element elementor-element-750f2b4f elementor-section-boxed elementor-section-height-default elementor-section-height-default\" data-id=\"750f2b4f\" data-element_type=\"section\" data-settings=\"{&quot;background_background&quot;:&quot;classic&quot;}\">\n\t\t\t\t\t\t<div class=\"elementor-container elementor-column-gap-default\">\n\t\t\t\t\t<div class=\"elementor-column elementor-col-100 elementor-top-column elementor-element elementor-element-464f793e\" data-id=\"464f793e\" data-element_type=\"column\">\n\t\t\t<div class=\"elementor-widget-wrap elementor-element-populated\">\n\t\t\t\t\t\t<div class=\"elementor-element elementor-element-61d216cb elementor-widget elementor-widget-icon-box\" data-id=\"61d216cb\" data-element_type=\"widget\" data-widget_type=\"icon-box.default\">\n\t\t\t\t<div class=\"elementor-widget-container\">\n\t\t\t<link rel=\"stylesheet\" href=\"https:\/\/eazae.com\/wp-content\/uploads\/elementor\/css\/custom-widget-icon-box.min.css?ver=0\">\t\t<div class=\"elementor-icon-box-wrapper\">\n\n\t\t\t\n\t\t\t\t\t\t<div class=\"elementor-icon-box-content\">\n\n\t\t\t\t\t\t\t\t\t<h2 class=\"elementor-icon-box-title\">\n\t\t\t\t\t\t<span  >\n\t\t\t\t\t\t\tUne vision audacieuse pour un avenir radieux\t\t\t\t\t\t<\/span>\n\t\t\t\t\t<\/h2>\n\t\t\t\t\n\t\t\t\t\t\t\t\t\t<p class=\"elementor-icon-box-description\">\n\t\t\t\t\t\tTout est dans le nom - La marque et le concept d&#039;entreprise EAZAE ont \u00e9t\u00e9 cr\u00e9\u00e9s pour vous rendre la vie... eh bien - plus facile ! Nous revenons aux bases des interactions humaines, en simplifiant les processus et en innovant pour faciliter l&#039;acc\u00e8s \u00e0 tous les types de services o\u00f9 l&#039;on \u00e9prouverait souvent beaucoup de frustration, de douleur et de d\u00e9ception caus\u00e9es par des personnes avides de profit, malhonn\u00eates, peu fiables ou tout simplement incomp\u00e9tentes. fournisseurs.\u00a0\n<\/br>\n<\/br>\nAvec le lancement de la premi\u00e8re soci\u00e9t\u00e9 de marque EAZAE \u00e0 Duba\u00ef, notre objectif \u00e0 long terme est de devenir le choix \u00e9vident pour tous les services li\u00e9s \u00e0 l&#039;immobilier aux \u00c9mirats arabes unis. Nous avons l&#039;intention d&#039;y parvenir en inculquant le bon sens et le professionnalisme dans une industrie traditionnellement impitoyable, en \u00e9tant fid\u00e8les et \u00e9quitables envers les membres de notre \u00e9quipe, nos partenaires et nos clients, en mettant en \u0153uvre les derni\u00e8res technologies et en nous concentrant sur une exp\u00e9rience client haut de gamme. Cela ouvrira des opportunit\u00e9s dans d&#039;autres industries, faisant de la marque EAZAE un nom connu.\n<\/br>\n<\/br>\nNotre concentration strat\u00e9gique sur les personnes, l&#039;objectif et la performance sous-tend tout ce que nous faisons dans notre ambition de fournir la valeur la plus \u00e9lev\u00e9e de mani\u00e8re constante.\t\t\t\t\t<\/p>\n\t\t\t\t\n\t\t\t<\/div>\n\t\t\t\n\t\t<\/div>\n\t\t\t\t<\/div>\n\t\t\t\t<\/div>\n\t\t\t\t<div class=\"elementor-element elementor-element-1a872e61 elementor-widget elementor-widget-icon-box\" data-id=\"1a872e61\" data-element_type=\"widget\" data-widget_type=\"icon-box.default\">\n\t\t\t\t<div class=\"elementor-widget-container\">\n\t\t\t\t\t<div class=\"elementor-icon-box-wrapper\">\n\n\t\t\t\n\t\t\t\t\t\t<div class=\"elementor-icon-box-content\">\n\n\t\t\t\t\t\t\t\t\t<h3 class=\"elementor-icon-box-title\">\n\t\t\t\t\t\t<span  >\n\t\t\t\t\t\t\tPersonnes\t\t\t\t\t\t<\/span>\n\t\t\t\t\t<\/h3>\n\t\t\t\t\n\t\t\t\t\t\t\t\t\t<p class=\"elementor-icon-box-description\">\n\t\t\t\t\t\tNos employ\u00e9s sont au c\u0153ur de qui nous sommes et de ce que nous faisons. La marque EAZAE occupe une position unique pour cr\u00e9er des opportunit\u00e9s \u00e0 vie et avoir un impact positif sur les communaut\u00e9s dans lesquelles elle op\u00e8re. Nous nous concentrons sur la cr\u00e9ation d&#039;\u00e9quipes responsabilis\u00e9es en d\u00e9veloppant le talent des personnes ayant des comp\u00e9tences en leadership qui favorisent une culture inclusive, permettant \u00e0 chacun d&#039;\u00eatre lui-m\u00eame et de s&#039;\u00e9panouir.\t\t\t\t\t<\/p>\n\t\t\t\t\n\t\t\t<\/div>\n\t\t\t\n\t\t<\/div>\n\t\t\t\t<\/div>\n\t\t\t\t<\/div>\n\t\t\t\t<div class=\"elementor-element elementor-element-47df374d elementor-widget elementor-widget-icon-box\" data-id=\"47df374d\" data-element_type=\"widget\" data-widget_type=\"icon-box.default\">\n\t\t\t\t<div class=\"elementor-widget-container\">\n\t\t\t\t\t<div class=\"elementor-icon-box-wrapper\">\n\n\t\t\t\n\t\t\t\t\t\t<div class=\"elementor-icon-box-content\">\n\n\t\t\t\t\t\t\t\t\t<h3 class=\"elementor-icon-box-title\">\n\t\t\t\t\t\t<span  >\n\t\t\t\t\t\t\tBut\t\t\t\t\t\t<\/span>\n\t\t\t\t\t<\/h3>\n\t\t\t\t\n\t\t\t\t\t\t\t\t\t<p class=\"elementor-icon-box-description\">\n\t\t\t\t\t\tNous recherchons constamment des moyens d&#039;\u00eatre plus socialement et \u00e9cologiquement responsables et de changer la fa\u00e7on dont les professionnels de l&#039;immobilier naviguent dans le processus d&#039;aide aux clients pour trouver ou vendre une maison \u00e0 Duba\u00ef ou ailleurs. Notre objectif est de renforcer les relations avec les clients, les partenaires commerciaux et les communaut\u00e9s locales en stimulant l&#039;innovation du march\u00e9 bas\u00e9e sur la transparence et la coop\u00e9ration intra-agence.\t\t\t\t\t<\/p>\n\t\t\t\t\n\t\t\t<\/div>\n\t\t\t\n\t\t<\/div>\n\t\t\t\t<\/div>\n\t\t\t\t<\/div>\n\t\t\t\t<div class=\"elementor-element elementor-element-3b3b6926 elementor-widget elementor-widget-icon-box\" data-id=\"3b3b6926\" data-element_type=\"widget\" data-widget_type=\"icon-box.default\">\n\t\t\t\t<div class=\"elementor-widget-container\">\n\t\t\t\t\t<div class=\"elementor-icon-box-wrapper\">\n\n\t\t\t\n\t\t\t\t\t\t<div class=\"elementor-icon-box-content\">\n\n\t\t\t\t\t\t\t\t\t<h3 class=\"elementor-icon-box-title\">\n\t\t\t\t\t\t<span  >\n\t\t\t\t\t\t\tPerformance\t\t\t\t\t\t<\/span>\n\t\t\t\t\t<\/h3>\n\t\t\t\t\n\t\t\t\t\t\t\t\t\t<p class=\"elementor-icon-box-description\">\n\t\t\t\t\t\tEn accord avec les principes kaizen d&#039;am\u00e9lioration continue, nous mettons en \u0153uvre une approche agile et originale de notre strat\u00e9gie d&#039;am\u00e9lioration de la performance. En mettant fortement l&#039;accent sur la formation continue et le travail d&#039;\u00e9quipe, en donnant la priorit\u00e9 aux id\u00e9es plut\u00f4t qu&#039;\u00e0 la hi\u00e9rarchie, nous g\u00e9rons notre entreprise efficacement et \u00e9voluons de mani\u00e8re durable tout en continuant \u00e0 ravir nos clients avec des solutions de service innovantes et efficaces.\t\t\t\t\t<\/p>\n\t\t\t\t\n\t\t\t<\/div>\n\t\t\t\n\t\t<\/div>\n\t\t\t\t<\/div>\n\t\t\t\t<\/div>\n\t\t\t\t\t<\/div>\n\t\t<\/div>\n\t\t\t\t\t<\/div>\n\t\t<\/section>\n\t\t\t\t<section class=\"elementor-section elementor-top-section elementor-element elementor-element-f7e4e20 elementor-section-full_width elementor-hidden-widescreen elementor-hidden-desktop elementor-hidden-tablet elementor-hidden-mobile elementor-section-height-default elementor-section-height-default\" data-id=\"f7e4e20\" data-element_type=\"section\" data-settings=\"{&quot;background_background&quot;:&quot;classic&quot;}\">\n\t\t\t\t\t\t<div class=\"elementor-container elementor-column-gap-default\">\n\t\t\t\t\t<div class=\"elementor-column elementor-col-100 elementor-top-column elementor-element elementor-element-c22c910\" data-id=\"c22c910\" data-element_type=\"column\">\n\t\t\t<div class=\"elementor-widget-wrap elementor-element-populated\">\n\t\t\t\t\t\t<div class=\"elementor-element elementor-element-7a1f780 elementor-invisible elementor-widget elementor-widget-text-editor\" data-id=\"7a1f780\" data-element_type=\"widget\" data-settings=\"{&quot;_animation&quot;:&quot;fadeIn&quot;,&quot;_animation_delay&quot;:150}\" data-widget_type=\"text-editor.default\">\n\t\t\t\t<div class=\"elementor-widget-container\">\n\t\t\t\t\t\t\t<h3>Une vision audacieuse pour un avenir radieux<\/h3>\t\t\t\t\t\t<\/div>\n\t\t\t\t<\/div>\n\t\t\t\t<div class=\"elementor-element elementor-element-f050774 elementor-invisible elementor-widget elementor-widget-text-editor\" data-id=\"f050774\" data-element_type=\"widget\" data-settings=\"{&quot;_animation&quot;:&quot;fadeIn&quot;,&quot;_animation_delay&quot;:150}\" data-widget_type=\"text-editor.default\">\n\t\t\t\t<div class=\"elementor-widget-container\">\n\t\t\t\t\t\t\t<p>Tout est dans le nom \u2013 La marque et le concept d&#039;entreprise EAZAE ont \u00e9t\u00e9 cr\u00e9\u00e9s pour vous rendre la vie\u2026 eh bien \u2013 plus facile ! Nous y parviendrons en revenant aux bases des interactions humaines, en simplifiant les processus et en innovant pour faciliter l&#039;acc\u00e8s \u00e0 divers types de services, l\u00e0 o\u00f9 l&#039;on \u00e9prouverait r\u00e9guli\u00e8rement beaucoup de points douloureux et de frustrations.\u00a0<\/p><p>Avec le lancement de notre premi\u00e8re soci\u00e9t\u00e9 de marque EAZAE \u00e0 Duba\u00ef, l&#039;objectif est de devenir la destination ultime pour tous les services li\u00e9s \u00e0 l&#039;immobilier aux \u00c9mirats arabes unis. Nous avons l&#039;intention d&#039;y parvenir en inculquant le bon sens et le professionnalisme dans une industrie traditionnellement impitoyable, en \u00e9tant fid\u00e8les et \u00e9quitables envers les membres de notre \u00e9quipe, nos partenaires et nos clients, en mettant en \u0153uvre les derni\u00e8res technologies et en nous concentrant sur une exp\u00e9rience client haut de gamme. Dans 3 ans, nous aurons 3 % des meilleurs agents 3% \u00e0 Duba\u00ef et 3% part de march\u00e9.<\/p><p>Notre concentration strat\u00e9gique sur les personnes, l&#039;objectif et la performance sous-tend tout ce que nous faisons dans notre ambition de fournir la valeur la plus \u00e9lev\u00e9e de mani\u00e8re constante.<\/p><p><strong>Personnes<\/strong><br \/>Nos employ\u00e9s sont au c\u0153ur de qui nous sommes et de ce que nous faisons. La marque EAZAE occupe une position unique pour cr\u00e9er des opportunit\u00e9s \u00e0 vie et avoir un impact positif sur les communaut\u00e9s dans lesquelles elle op\u00e8re. Nous nous concentrons sur la cr\u00e9ation d&#039;\u00e9quipes responsabilis\u00e9es en d\u00e9veloppant le talent des personnes ayant des comp\u00e9tences en leadership qui favorisent une culture inclusive, permettant \u00e0 chacun d&#039;\u00eatre lui-m\u00eame et de s&#039;\u00e9panouir.<\/p><p><strong>But<\/strong><br \/>Nous recherchons constamment des moyens d&#039;\u00eatre plus socialement et \u00e9cologiquement responsables et de changer la fa\u00e7on dont les professionnels de l&#039;immobilier naviguent dans le processus d&#039;aide aux clients pour trouver ou vendre une maison \u00e0 Duba\u00ef ou ailleurs. Notre but est de<span style=\"color: var( --e-global-color-text );\">\u00a0renforcer les relations avec les clients, les partenaires commerciaux et les communaut\u00e9s locales en <\/span><span style=\"color: var( --e-global-color-text );\">stimuler l&#039;innovation du march\u00e9 bas\u00e9e sur la transparence et la coop\u00e9ration intra-agence.<\/span><\/p><p><strong>Performance<\/strong><br \/>En accord avec les principes kaizen d&#039;am\u00e9lioration continue, nous mettons en \u0153uvre une approche agile et originale de notre strat\u00e9gie d&#039;am\u00e9lioration de la performance. En mettant fortement l&#039;accent sur la formation continue et le travail d&#039;\u00e9quipe, en donnant la priorit\u00e9 aux id\u00e9es plut\u00f4t qu&#039;\u00e0 la hi\u00e9rarchie, nous g\u00e9rons notre entreprise efficacement et \u00e9voluons de mani\u00e8re durable tout en continuant \u00e0 ravir nos clients avec des solutions de service innovantes et efficaces.<\/p>\t\t\t\t\t\t<\/div>\n\t\t\t\t<\/div>\n\t\t\t\t\t<\/div>\n\t\t<\/div>\n\t\t\t\t\t<\/div>\n\t\t<\/section>\n\t\t\t\t<\/div>","protected":false},"excerpt":{"rendered":"<p>Our Vision We believe in long term vision over short term gains\u00a0 A Bold Vision for a Bright Future It&#8217;s all in the name &#8211; The EAZAE brand and business concept were created to make your life &#8230;well &#8211; easier! We are going back to the basics of human interactions, by simplifying processes and innovating ways to facilitate access to all types of services &#8230;<\/p>","protected":false},"author":1,"featured_media":0,"parent":0,"menu_order":0,"comment_status":"closed","ping_status":"closed","template":"","meta":{"footnotes":""},"class_list":["post-19637","page","type-page","status-publish","hentry"],"_links":{"self":[{"href":"https:\/\/eazae.com\/fr\/wp-json\/wp\/v2\/pages\/19637","targetHints":{"allow":["GET"]}}],"collection":[{"href":"https:\/\/eazae.com\/fr\/wp-json\/wp\/v2\/pages"}],"about":[{"href":"https:\/\/eazae.com\/fr\/wp-json\/wp\/v2\/types\/page"}],"author":[{"embeddable":true,"href":"https:\/\/eazae.com\/fr\/wp-json\/wp\/v2\/users\/1"}],"replies":[{"embeddable":true,"href":"https:\/\/eazae.com\/fr\/wp-json\/wp\/v2\/comments?post=19637"}],"version-history":[{"count":101,"href":"https:\/\/eazae.com\/fr\/wp-json\/wp\/v2\/pages\/19637\/revisions"}],"predecessor-version":[{"id":23037,"href":"https:\/\/eazae.com\/fr\/wp-json\/wp\/v2\/pages\/19637\/revisions\/23037"}],"wp:attachment":[{"href":"https:\/\/eazae.com\/fr\/wp-json\/wp\/v2\/media?parent=19637"}],"curies":[{"name":"wp","href":"https:\/\/api.w.org\/{rel}","templated":true}]}}