{"id":19647,"date":"2023-03-17T17:56:48","date_gmt":"2023-03-17T17:56:48","guid":{"rendered":"https:\/\/eazae.com\/?page_id=19647"},"modified":"2023-04-09T16:22:45","modified_gmt":"2023-04-09T12:22:45","slug":"strategy","status":"publish","type":"page","link":"https:\/\/eazae.com\/es\/strategy\/","title":{"rendered":"Estrategia"},"content":{"rendered":"<div data-elementor-type=\"wp-page\" data-elementor-id=\"19647\" class=\"elementor elementor-19647\">\n\t\t\t\t\t\t<section class=\"elementor-section elementor-top-section elementor-element elementor-element-c6d2fbd elementor-section-full_width elementor-section-height-min-height elementor-section-height-default elementor-section-items-middle\" data-id=\"c6d2fbd\" data-element_type=\"section\" data-settings=\"{&quot;background_background&quot;:&quot;classic&quot;}\">\n\t\t\t\t\t\t\t<div class=\"elementor-background-overlay\"><\/div>\n\t\t\t\t\t\t\t<div class=\"elementor-container elementor-column-gap-default\">\n\t\t\t\t\t<div class=\"elementor-column elementor-col-100 elementor-top-column elementor-element elementor-element-8315505\" data-id=\"8315505\" data-element_type=\"column\">\n\t\t\t<div class=\"elementor-widget-wrap elementor-element-populated\">\n\t\t\t\t\t\t<div class=\"elementor-element elementor-element-3602a6e elementor-invisible elementor-widget elementor-widget-heading\" data-id=\"3602a6e\" data-element_type=\"widget\" data-settings=\"{&quot;_animation&quot;:&quot;fadeIn&quot;,&quot;_animation_delay&quot;:100}\" data-widget_type=\"heading.default\">\n\t\t\t\t<div class=\"elementor-widget-container\">\n\t\t\t<style>\/*! elementor - v3.23.0 - 05-08-2024 *\/\n.elementor-heading-title{padding:0;margin:0;line-height:1}.elementor-widget-heading .elementor-heading-title[class*=elementor-size-]>a{color:inherit;font-size:inherit;line-height:inherit}.elementor-widget-heading .elementor-heading-title.elementor-size-small{font-size:15px}.elementor-widget-heading .elementor-heading-title.elementor-size-medium{font-size:19px}.elementor-widget-heading .elementor-heading-title.elementor-size-large{font-size:29px}.elementor-widget-heading .elementor-heading-title.elementor-size-xl{font-size:39px}.elementor-widget-heading .elementor-heading-title.elementor-size-xxl{font-size:59px}<\/style><h2 class=\"elementor-heading-title elementor-size-default\">Nuestra estrategia<\/h2>\t\t<\/div>\n\t\t\t\t<\/div>\n\t\t\t\t<div class=\"elementor-element elementor-element-9709f04 elementor-invisible elementor-widget elementor-widget-text-editor\" data-id=\"9709f04\" data-element_type=\"widget\" data-settings=\"{&quot;_animation&quot;:&quot;fadeIn&quot;,&quot;_animation_delay&quot;:150}\" data-widget_type=\"text-editor.default\">\n\t\t\t\t<div class=\"elementor-widget-container\">\n\t\t\t<style>\/*! elementor - v3.23.0 - 05-08-2024 *\/\n.elementor-widget-text-editor.elementor-drop-cap-view-stacked .elementor-drop-cap{background-color:#69727d;color:#fff}.elementor-widget-text-editor.elementor-drop-cap-view-framed .elementor-drop-cap{color:#69727d;border:3px solid;background-color:transparent}.elementor-widget-text-editor:not(.elementor-drop-cap-view-default) .elementor-drop-cap{margin-top:8px}.elementor-widget-text-editor:not(.elementor-drop-cap-view-default) .elementor-drop-cap-letter{width:1em;height:1em}.elementor-widget-text-editor .elementor-drop-cap{float:left;text-align:center;line-height:1;font-size:50px}.elementor-widget-text-editor .elementor-drop-cap-letter{display:inline-block}<\/style>\t\t\t\t<p>Si quieres ir r\u00e1pido, ve solo, si quieres llegar lejos, \u00a1ve acompa\u00f1ado!<\/p>\t\t\t\t\t\t<\/div>\n\t\t\t\t<\/div>\n\t\t\t\t\t<\/div>\n\t\t<\/div>\n\t\t\t\t\t<\/div>\n\t\t<\/section>\n\t\t\t\t<section class=\"elementor-section elementor-top-section elementor-element elementor-element-242229cf elementor-section-boxed elementor-section-height-default elementor-section-height-default\" data-id=\"242229cf\" data-element_type=\"section\" data-settings=\"{&quot;background_background&quot;:&quot;classic&quot;}\">\n\t\t\t\t\t\t<div class=\"elementor-container elementor-column-gap-default\">\n\t\t\t\t\t<div class=\"elementor-column elementor-col-100 elementor-top-column elementor-element elementor-element-522014b\" data-id=\"522014b\" data-element_type=\"column\">\n\t\t\t<div class=\"elementor-widget-wrap elementor-element-populated\">\n\t\t\t\t\t\t<div class=\"elementor-element elementor-element-1a38764 elementor-widget elementor-widget-icon-box\" data-id=\"1a38764\" data-element_type=\"widget\" data-widget_type=\"icon-box.default\">\n\t\t\t\t<div class=\"elementor-widget-container\">\n\t\t\t<link rel=\"stylesheet\" href=\"https:\/\/eazae.com\/wp-content\/uploads\/elementor\/css\/custom-widget-icon-box.min.css?ver=0\">\t\t<div class=\"elementor-icon-box-wrapper\">\n\n\t\t\t\n\t\t\t\t\t\t<div class=\"elementor-icon-box-content\">\n\n\t\t\t\t\t\t\t\t\t<h2 class=\"elementor-icon-box-title\">\n\t\t\t\t\t\t<span  >\n\t\t\t\t\t\t\tNuestra estrategia: se trata de las personas\t\t\t\t\t\t<\/span>\n\t\t\t\t\t<\/h2>\n\t\t\t\t\n\t\t\t\t\t\t\t\t\t<p class=\"elementor-icon-box-description\">\n\t\t\t\t\t\tNuestra estrategia consiste simplemente en construir relaciones a largo plazo con todos nuestros agentes, socios, afiliados, compradores, vendedores, inquilinos y propietarios. Nos enorgullecemos de nuestro excelente servicio al cliente y obtenemos la mayor parte de nuestro negocio a trav\u00e9s de contactos directos y referencias de clientes.<br><br>En EAZAE elegimos enfocarnos en desarrollar una experiencia boutique personalizada, con un marketing de alta calidad, apoyo dedicado y una cultura empresarial inigualable. Mientras que algunos en nuestra industria optan por participar en una carrera armamentista excesiva y autodestructiva, nosotros preferimos un enfoque m\u00e1s estrat\u00e9gico y espec\u00edfico, que preserva los fundamentos de nuestra esencia y no diluye la marca.\t\t\t\t\t<\/p>\n\t\t\t\t\n\t\t\t<\/div>\n\t\t\t\n\t\t<\/div>\n\t\t\t\t<\/div>\n\t\t\t\t<\/div>\n\t\t\t\t<section class=\"elementor-section elementor-inner-section elementor-element elementor-element-55413f4 elementor-section-full_width elementor-section-height-default elementor-section-height-default\" data-id=\"55413f4\" data-element_type=\"section\">\n\t\t\t\t\t\t<div class=\"elementor-container elementor-column-gap-default\">\n\t\t\t\t\t<div class=\"elementor-column elementor-col-50 elementor-inner-column elementor-element elementor-element-278877f\" data-id=\"278877f\" data-element_type=\"column\">\n\t\t\t<div class=\"elementor-widget-wrap elementor-element-populated\">\n\t\t\t\t\t\t<div class=\"elementor-element elementor-element-2a3afcdb elementor-widget elementor-widget-icon-box\" data-id=\"2a3afcdb\" data-element_type=\"widget\" data-widget_type=\"icon-box.default\">\n\t\t\t\t<div class=\"elementor-widget-container\">\n\t\t\t\t\t<div class=\"elementor-icon-box-wrapper\">\n\n\t\t\t\n\t\t\t\t\t\t<div class=\"elementor-icon-box-content\">\n\n\t\t\t\t\t\t\t\t\t<h3 class=\"elementor-icon-box-title\">\n\t\t\t\t\t\t<span  >\n\t\t\t\t\t\t\tDesarrollamos a nuestra gente\t\t\t\t\t\t<\/span>\n\t\t\t\t\t<\/h3>\n\t\t\t\t\n\t\t\t\t\t\t\t\t\t<p class=\"elementor-icon-box-description\">\n\t\t\t\t\t\tSteve Jobs dijo una vez: &quot;El secreto de mi \u00e9xito es que hemos hecho todo lo posible para contratar a las mejores personas del mundo&quot;. Apoyamos y alentamos a todos los que resuenan con nuestros valores y principios fundamentales a unirse a nosotros, para continuar desarrollando sus habilidades y desarrollar su potencial. \t\t\t\t\t<\/p>\n\t\t\t\t\n\t\t\t<\/div>\n\t\t\t\n\t\t<\/div>\n\t\t\t\t<\/div>\n\t\t\t\t<\/div>\n\t\t\t\t\t<\/div>\n\t\t<\/div>\n\t\t\t\t<div class=\"elementor-column elementor-col-50 elementor-inner-column elementor-element elementor-element-d800195\" data-id=\"d800195\" data-element_type=\"column\">\n\t\t\t<div class=\"elementor-widget-wrap elementor-element-populated\">\n\t\t\t\t\t\t<div class=\"elementor-element elementor-element-5f2cbb72 elementor-widget elementor-widget-icon-box\" data-id=\"5f2cbb72\" data-element_type=\"widget\" data-widget_type=\"icon-box.default\">\n\t\t\t\t<div class=\"elementor-widget-container\">\n\t\t\t\t\t<div class=\"elementor-icon-box-wrapper\">\n\n\t\t\t\n\t\t\t\t\t\t<div class=\"elementor-icon-box-content\">\n\n\t\t\t\t\t\t\t\t\t<h3 class=\"elementor-icon-box-title\">\n\t\t\t\t\t\t<span  >\n\t\t\t\t\t\t\tTrabajamos en grandes equipos\t\t\t\t\t\t<\/span>\n\t\t\t\t\t<\/h3>\n\t\t\t\t\n\t\t\t\t\t\t\t\t\t<p class=\"elementor-icon-box-description\">\n\t\t\t\t\t\tSomos r\u00e1pidos y eficientes, trabajamos en equipos aut\u00f3nomos de alta movilidad de tres agentes con habilidades complementarias. Nos preocupamos genuinamente unos por otros y por nuestros clientes y disfrutamos lo que hacemos. Somos serios, pero tranquilos y divertidos. Construimos comunidades a nuestro alrededor y buscamos el progreso, siempre.\n<\/br>\n\t\t\t\t\t<\/p>\n\t\t\t\t\n\t\t\t<\/div>\n\t\t\t\n\t\t<\/div>\n\t\t\t\t<\/div>\n\t\t\t\t<\/div>\n\t\t\t\t\t<\/div>\n\t\t<\/div>\n\t\t\t\t\t<\/div>\n\t\t<\/section>\n\t\t\t\t<div class=\"elementor-element elementor-element-7f6b9006 elementor-widget elementor-widget-icon-box\" data-id=\"7f6b9006\" data-element_type=\"widget\" data-widget_type=\"icon-box.default\">\n\t\t\t\t<div class=\"elementor-widget-container\">\n\t\t\t\t\t<div class=\"elementor-icon-box-wrapper\">\n\n\t\t\t\n\t\t\t\t\t\t<div class=\"elementor-icon-box-content\">\n\n\t\t\t\t\t\t\t\t\t<h3 class=\"elementor-icon-box-title\">\n\t\t\t\t\t\t<span  >\n\t\t\t\t\t\t\tNos tratamos unos a otros de manera justa y respetuosa.\t\t\t\t\t\t<\/span>\n\t\t\t\t\t<\/h3>\n\t\t\t\t\n\t\t\t\t\t\t\t\t\t<p class=\"elementor-icon-box-description\">\n\t\t\t\t\t\tPara nosotros la justicia, el respeto y la cortes\u00eda son lo primero. Celebramos la individualidad y apreciamos la contribuci\u00f3n de todos al \u00e9xito del equipo. <br>\nEstos Compromisos representan la piedra angular de nuestra cultura que coloca a nuestra gente en el coraz\u00f3n del negocio.  <br>Act\u00faan como un conjunto de est\u00e1ndares, y un llamado a la acci\u00f3n, para todos nosotros sobre c\u00f3mo nos comportamos y nos tratamos todos los d\u00edas.\n\t\t\t\t\t<\/p>\n\t\t\t\t\n\t\t\t<\/div>\n\t\t\t\n\t\t<\/div>\n\t\t\t\t<\/div>\n\t\t\t\t<\/div>\n\t\t\t\t\t<\/div>\n\t\t<\/div>\n\t\t\t\t\t<\/div>\n\t\t<\/section>\n\t\t\t\t<section class=\"elementor-section elementor-top-section elementor-element elementor-element-f7e4e20 elementor-section-full_width elementor-hidden-widescreen elementor-hidden-desktop elementor-hidden-tablet elementor-hidden-mobile elementor-section-height-default elementor-section-height-default\" data-id=\"f7e4e20\" data-element_type=\"section\" data-settings=\"{&quot;background_background&quot;:&quot;classic&quot;}\">\n\t\t\t\t\t\t<div class=\"elementor-container elementor-column-gap-default\">\n\t\t\t\t\t<div class=\"elementor-column elementor-col-100 elementor-top-column elementor-element elementor-element-c22c910\" data-id=\"c22c910\" data-element_type=\"column\">\n\t\t\t<div class=\"elementor-widget-wrap elementor-element-populated\">\n\t\t\t\t\t\t<div class=\"elementor-element elementor-element-7a1f780 elementor-invisible elementor-widget elementor-widget-text-editor\" data-id=\"7a1f780\" data-element_type=\"widget\" data-settings=\"{&quot;_animation&quot;:&quot;fadeIn&quot;,&quot;_animation_delay&quot;:150}\" data-widget_type=\"text-editor.default\">\n\t\t\t\t<div class=\"elementor-widget-container\">\n\t\t\t\t\t\t\t<h3>Nuestra estrategia: se trata de las personas<\/h3>\t\t\t\t\t\t<\/div>\n\t\t\t\t<\/div>\n\t\t\t\t<div class=\"elementor-element elementor-element-f050774 elementor-invisible elementor-widget elementor-widget-text-editor\" data-id=\"f050774\" data-element_type=\"widget\" data-settings=\"{&quot;_animation&quot;:&quot;fadeIn&quot;,&quot;_animation_delay&quot;:150}\" data-widget_type=\"text-editor.default\">\n\t\t\t\t<div class=\"elementor-widget-container\">\n\t\t\t\t\t\t\t<p>En EAZAE Realty, elegimos enfocarnos y desarrollar una experiencia boutique individualizada a partir de la generaci\u00f3n de oportunidades \u00fanicas, creaci\u00f3n de equipos y marcas de agentes individualizados, marketing de calidad, capacitaci\u00f3n personalizada, apoyo dedicado y una cultura empresarial inigualable. Mientras que algunos en nuestra industria optan por participar en una carrera armamentista excesiva y autodestructiva, nosotros preferimos un enfoque m\u00e1s estrat\u00e9gico y espec\u00edfico que preserve los fundamentos de nuestra esencia y no diluya la marca.<\/p><p><br><\/p>\n<p><\/p>\n<p><strong>Trabajamos en grandes equipos<\/strong><\/p>\n<p>Nos preocupamos unos por otros y por nuestros clientes y disfrutamos lo que hacemos. Somos serios, pero tranquilos y divertidos. Construimos comunidades a nuestro alrededor y buscamos el progreso siempre.<\/p><p><br><\/p>\n<p><\/p>\n<p><strong>Desarrollamos a nuestra gente<\/strong><\/p>\n<p>Steve Jobs dijo una vez: &quot;El secreto de mi \u00e9xito es que hemos hecho todo lo posible para contratar a las mejores personas del mundo&quot;. habilidades y desarrollar su potencial.&nbsp;<\/p><p><br><\/p><p><strong style=\"color: var( --e-global-color-text );\">Nos tratamos unos a otros de manera justa y con respeto.<\/strong><\/p>\n<p>Sabemos que la justicia, el respeto y la cortes\u00eda son lo primero. Celebramos la individualidad y apreciamos la contribuci\u00f3n de todos al desarrollo del equipo.&nbsp;<\/p><p><br><\/p>\n<p><\/p>\n<p><span style=\"color: var( --e-global-color-text );\">Estos Compromisos representan la piedra angular de nuestra cultura que coloca a nuestra gente en el coraz\u00f3n del negocio. Act\u00faan como un conjunto de est\u00e1ndares, y un llamado a la acci\u00f3n, para todos nosotros sobre c\u00f3mo nos comportamos y nos tratamos todos los d\u00edas.<\/span><\/p><p><span style=\"color: var( --e-global-color-text );\"><br><\/span><\/p>\n<p><\/p>\n<div>Nuestra estrategia consiste simplemente en construir relaciones a largo plazo con todos nuestros agentes, afiliados, compradores, vendedores, inquilinos y propietarios.&nbsp;<br>Nos enorgullecemos del servicio al cliente y obtenemos la mayor parte de nuestro negocio a trav\u00e9s de referencias positivas de clientes y redes directas.<\/div>\n<div>\n<\/div>\t\t\t\t\t\t<\/div>\n\t\t\t\t<\/div>\n\t\t\t\t\t<\/div>\n\t\t<\/div>\n\t\t\t\t\t<\/div>\n\t\t<\/section>\n\t\t\t\t<\/div>","protected":false},"excerpt":{"rendered":"<p>Our Strategy If you want to go fast &#8211;&nbsp; go alone, if you want to go far &#8211; go together! Our Strategy &#8211; It&#8217;s all about the People Our strategy simply lies in building long term relationships with all our agents, partners, affiliates, buyers, sellers, tenants and landlords. We pride ourselves on outstanding customer service and obtain most of our business through direct networking &#8230;<\/p>","protected":false},"author":1,"featured_media":0,"parent":0,"menu_order":0,"comment_status":"closed","ping_status":"closed","template":"","meta":{"footnotes":""},"class_list":["post-19647","page","type-page","status-publish","hentry"],"_links":{"self":[{"href":"https:\/\/eazae.com\/es\/wp-json\/wp\/v2\/pages\/19647","targetHints":{"allow":["GET"]}}],"collection":[{"href":"https:\/\/eazae.com\/es\/wp-json\/wp\/v2\/pages"}],"about":[{"href":"https:\/\/eazae.com\/es\/wp-json\/wp\/v2\/types\/page"}],"author":[{"embeddable":true,"href":"https:\/\/eazae.com\/es\/wp-json\/wp\/v2\/users\/1"}],"replies":[{"embeddable":true,"href":"https:\/\/eazae.com\/es\/wp-json\/wp\/v2\/comments?post=19647"}],"version-history":[{"count":74,"href":"https:\/\/eazae.com\/es\/wp-json\/wp\/v2\/pages\/19647\/revisions"}],"predecessor-version":[{"id":22945,"href":"https:\/\/eazae.com\/es\/wp-json\/wp\/v2\/pages\/19647\/revisions\/22945"}],"wp:attachment":[{"href":"https:\/\/eazae.com\/es\/wp-json\/wp\/v2\/media?parent=19647"}],"curies":[{"name":"wp","href":"https:\/\/api.w.org\/{rel}","templated":true}]}}