{"id":19637,"date":"2023-03-17T17:55:18","date_gmt":"2023-03-17T17:55:18","guid":{"rendered":"https:\/\/eazae.com\/?page_id=19637"},"modified":"2023-04-12T03:54:24","modified_gmt":"2023-04-11T23:54:24","slug":"vision","status":"publish","type":"page","link":"https:\/\/eazae.com\/es\/vision\/","title":{"rendered":"La visi\u00f3n"},"content":{"rendered":"<div data-elementor-type=\"wp-page\" data-elementor-id=\"19637\" class=\"elementor elementor-19637\">\n\t\t\t\t\t\t<section class=\"elementor-section elementor-top-section elementor-element elementor-element-c6d2fbd elementor-section-full_width elementor-section-height-min-height elementor-section-height-default elementor-section-items-middle\" data-id=\"c6d2fbd\" data-element_type=\"section\" data-settings=\"{&quot;background_background&quot;:&quot;classic&quot;}\">\n\t\t\t\t\t\t\t<div class=\"elementor-background-overlay\"><\/div>\n\t\t\t\t\t\t\t<div class=\"elementor-container elementor-column-gap-default\">\n\t\t\t\t\t<div class=\"elementor-column elementor-col-100 elementor-top-column elementor-element elementor-element-8315505\" data-id=\"8315505\" data-element_type=\"column\">\n\t\t\t<div class=\"elementor-widget-wrap elementor-element-populated\">\n\t\t\t\t\t\t<div class=\"elementor-element elementor-element-3602a6e elementor-invisible elementor-widget elementor-widget-heading\" data-id=\"3602a6e\" data-element_type=\"widget\" data-settings=\"{&quot;_animation&quot;:&quot;fadeIn&quot;,&quot;_animation_delay&quot;:100}\" data-widget_type=\"heading.default\">\n\t\t\t\t<div class=\"elementor-widget-container\">\n\t\t\t<style>\/*! elementor - v3.23.0 - 05-08-2024 *\/\n.elementor-heading-title{padding:0;margin:0;line-height:1}.elementor-widget-heading .elementor-heading-title[class*=elementor-size-]>a{color:inherit;font-size:inherit;line-height:inherit}.elementor-widget-heading .elementor-heading-title.elementor-size-small{font-size:15px}.elementor-widget-heading .elementor-heading-title.elementor-size-medium{font-size:19px}.elementor-widget-heading .elementor-heading-title.elementor-size-large{font-size:29px}.elementor-widget-heading .elementor-heading-title.elementor-size-xl{font-size:39px}.elementor-widget-heading .elementor-heading-title.elementor-size-xxl{font-size:59px}<\/style><h2 class=\"elementor-heading-title elementor-size-default\">Nuestra visi\u00f3n<\/h2>\t\t<\/div>\n\t\t\t\t<\/div>\n\t\t\t\t<div class=\"elementor-element elementor-element-9709f04 elementor-invisible elementor-widget elementor-widget-text-editor\" data-id=\"9709f04\" data-element_type=\"widget\" data-settings=\"{&quot;_animation&quot;:&quot;fadeIn&quot;,&quot;_animation_delay&quot;:150}\" data-widget_type=\"text-editor.default\">\n\t\t\t\t<div class=\"elementor-widget-container\">\n\t\t\t<style>\/*! elementor - v3.23.0 - 05-08-2024 *\/\n.elementor-widget-text-editor.elementor-drop-cap-view-stacked .elementor-drop-cap{background-color:#69727d;color:#fff}.elementor-widget-text-editor.elementor-drop-cap-view-framed .elementor-drop-cap{color:#69727d;border:3px solid;background-color:transparent}.elementor-widget-text-editor:not(.elementor-drop-cap-view-default) .elementor-drop-cap{margin-top:8px}.elementor-widget-text-editor:not(.elementor-drop-cap-view-default) .elementor-drop-cap-letter{width:1em;height:1em}.elementor-widget-text-editor .elementor-drop-cap{float:left;text-align:center;line-height:1;font-size:50px}.elementor-widget-text-editor .elementor-drop-cap-letter{display:inline-block}<\/style>\t\t\t\t<p>Creemos en la visi\u00f3n a largo plazo sobre las ganancias a corto plazo\u00a0<\/p>\t\t\t\t\t\t<\/div>\n\t\t\t\t<\/div>\n\t\t\t\t\t<\/div>\n\t\t<\/div>\n\t\t\t\t\t<\/div>\n\t\t<\/section>\n\t\t\t\t<section class=\"elementor-section elementor-top-section elementor-element elementor-element-750f2b4f elementor-section-boxed elementor-section-height-default elementor-section-height-default\" data-id=\"750f2b4f\" data-element_type=\"section\" data-settings=\"{&quot;background_background&quot;:&quot;classic&quot;}\">\n\t\t\t\t\t\t<div class=\"elementor-container elementor-column-gap-default\">\n\t\t\t\t\t<div class=\"elementor-column elementor-col-100 elementor-top-column elementor-element elementor-element-464f793e\" data-id=\"464f793e\" data-element_type=\"column\">\n\t\t\t<div class=\"elementor-widget-wrap elementor-element-populated\">\n\t\t\t\t\t\t<div class=\"elementor-element elementor-element-61d216cb elementor-widget elementor-widget-icon-box\" data-id=\"61d216cb\" data-element_type=\"widget\" data-widget_type=\"icon-box.default\">\n\t\t\t\t<div class=\"elementor-widget-container\">\n\t\t\t<link rel=\"stylesheet\" href=\"https:\/\/eazae.com\/wp-content\/uploads\/elementor\/css\/custom-widget-icon-box.min.css?ver=0\">\t\t<div class=\"elementor-icon-box-wrapper\">\n\n\t\t\t\n\t\t\t\t\t\t<div class=\"elementor-icon-box-content\">\n\n\t\t\t\t\t\t\t\t\t<h2 class=\"elementor-icon-box-title\">\n\t\t\t\t\t\t<span  >\n\t\t\t\t\t\t\tUna visi\u00f3n audaz para un futuro brillante\t\t\t\t\t\t<\/span>\n\t\t\t\t\t<\/h2>\n\t\t\t\t\n\t\t\t\t\t\t\t\t\t<p class=\"elementor-icon-box-description\">\n\t\t\t\t\t\tTodo est\u00e1 en el nombre: la marca EAZAE y el concepto comercial se crearon para hacer su vida... \u00a1bueno, m\u00e1s f\u00e1cil! Estamos volviendo a lo b\u00e1sico de las interacciones humanas, simplificando los procesos e innovando formas de facilitar el acceso a todo tipo de servicios en los que uno experimentar\u00eda mucha frustraci\u00f3n, dolor y decepci\u00f3n causados por personas sedientas de ganancias, deshonestas, poco confiables o simplemente incompetentes. proveedores\u00a0\n<\/br>\n<\/br>\nCon el lanzamiento de la primera empresa con la marca EAZAE en Dub\u00e1i, nuestro objetivo a largo plazo es convertirnos en la opci\u00f3n clara para todos los servicios relacionados con bienes ra\u00edces en los Emiratos \u00c1rabes Unidos. Tenemos la intenci\u00f3n de lograr esto inculcando sentido com\u00fan y profesionalismo en una industria tradicionalmente despiadada, siendo leales y justos con los miembros de nuestro equipo, socios y clientes, implementando las \u00faltimas tecnolog\u00edas y centr\u00e1ndonos en una experiencia superior para el cliente. Esto abrir\u00e1 oportunidades en otras industrias, convirtiendo la marca EAZAE en un nombre familiar.\n<\/br>\n<\/br>\nNuestro enfoque estrat\u00e9gico en Personas, Prop\u00f3sito y Desempe\u00f1o respalda todo lo que hacemos en nuestra ambici\u00f3n de ofrecer el valor m\u00e1s alto de manera constante.\t\t\t\t\t<\/p>\n\t\t\t\t\n\t\t\t<\/div>\n\t\t\t\n\t\t<\/div>\n\t\t\t\t<\/div>\n\t\t\t\t<\/div>\n\t\t\t\t<div class=\"elementor-element elementor-element-1a872e61 elementor-widget elementor-widget-icon-box\" data-id=\"1a872e61\" data-element_type=\"widget\" data-widget_type=\"icon-box.default\">\n\t\t\t\t<div class=\"elementor-widget-container\">\n\t\t\t\t\t<div class=\"elementor-icon-box-wrapper\">\n\n\t\t\t\n\t\t\t\t\t\t<div class=\"elementor-icon-box-content\">\n\n\t\t\t\t\t\t\t\t\t<h3 class=\"elementor-icon-box-title\">\n\t\t\t\t\t\t<span  >\n\t\t\t\t\t\t\tGente\t\t\t\t\t\t<\/span>\n\t\t\t\t\t<\/h3>\n\t\t\t\t\n\t\t\t\t\t\t\t\t\t<p class=\"elementor-icon-box-description\">\n\t\t\t\t\t\tNuestra gente est\u00e1 en el coraz\u00f3n de lo que somos y de lo que hacemos. La marca EAZAE est\u00e1 en una posici\u00f3n \u00fanica para crear oportunidades de por vida y para impactar positivamente en las comunidades en las que opera. Nos enfocamos en crear equipos empoderados mediante el desarrollo de talento en personas con habilidades de liderazgo que fomentan una cultura inclusiva, permitiendo que todos sean ellos mismos y prosperen.\t\t\t\t\t<\/p>\n\t\t\t\t\n\t\t\t<\/div>\n\t\t\t\n\t\t<\/div>\n\t\t\t\t<\/div>\n\t\t\t\t<\/div>\n\t\t\t\t<div class=\"elementor-element elementor-element-47df374d elementor-widget elementor-widget-icon-box\" data-id=\"47df374d\" data-element_type=\"widget\" data-widget_type=\"icon-box.default\">\n\t\t\t\t<div class=\"elementor-widget-container\">\n\t\t\t\t\t<div class=\"elementor-icon-box-wrapper\">\n\n\t\t\t\n\t\t\t\t\t\t<div class=\"elementor-icon-box-content\">\n\n\t\t\t\t\t\t\t\t\t<h3 class=\"elementor-icon-box-title\">\n\t\t\t\t\t\t<span  >\n\t\t\t\t\t\t\tObjetivo\t\t\t\t\t\t<\/span>\n\t\t\t\t\t<\/h3>\n\t\t\t\t\n\t\t\t\t\t\t\t\t\t<p class=\"elementor-icon-box-description\">\n\t\t\t\t\t\tConstantemente buscamos formas de ser m\u00e1s responsables social y ambientalmente y de cambiar la forma en que los profesionales inmobiliarios navegan por el proceso de ayudar a los clientes a encontrar o vender una casa en Dub\u00e1i o en cualquier otro lugar. Nuestro prop\u00f3sito es fortalecer las relaciones con clientes, socios comerciales y comunidades locales impulsando la innovaci\u00f3n en el mercado basada en la transparencia y la cooperaci\u00f3n entre agencias.\t\t\t\t\t<\/p>\n\t\t\t\t\n\t\t\t<\/div>\n\t\t\t\n\t\t<\/div>\n\t\t\t\t<\/div>\n\t\t\t\t<\/div>\n\t\t\t\t<div class=\"elementor-element elementor-element-3b3b6926 elementor-widget elementor-widget-icon-box\" data-id=\"3b3b6926\" data-element_type=\"widget\" data-widget_type=\"icon-box.default\">\n\t\t\t\t<div class=\"elementor-widget-container\">\n\t\t\t\t\t<div class=\"elementor-icon-box-wrapper\">\n\n\t\t\t\n\t\t\t\t\t\t<div class=\"elementor-icon-box-content\">\n\n\t\t\t\t\t\t\t\t\t<h3 class=\"elementor-icon-box-title\">\n\t\t\t\t\t\t<span  >\n\t\t\t\t\t\t\tActuaci\u00f3n\t\t\t\t\t\t<\/span>\n\t\t\t\t\t<\/h3>\n\t\t\t\t\n\t\t\t\t\t\t\t\t\t<p class=\"elementor-icon-box-description\">\n\t\t\t\t\t\tEn l\u00ednea con los principios kaizen de mejora constante, estamos implementando un enfoque \u00e1gil y original para nuestra estrategia de mejora del rendimiento. Con un fuerte enfoque en la educaci\u00f3n continua y el trabajo en equipo, priorizando las ideas sobre la jerarqu\u00eda, administramos nuestro negocio de manera eficiente y escalamos de manera sostenible mientras continuamos deleitando a nuestros clientes con soluciones de servicio innovadoras y efectivas.\t\t\t\t\t<\/p>\n\t\t\t\t\n\t\t\t<\/div>\n\t\t\t\n\t\t<\/div>\n\t\t\t\t<\/div>\n\t\t\t\t<\/div>\n\t\t\t\t\t<\/div>\n\t\t<\/div>\n\t\t\t\t\t<\/div>\n\t\t<\/section>\n\t\t\t\t<section class=\"elementor-section elementor-top-section elementor-element elementor-element-f7e4e20 elementor-section-full_width elementor-hidden-widescreen elementor-hidden-desktop elementor-hidden-tablet elementor-hidden-mobile elementor-section-height-default elementor-section-height-default\" data-id=\"f7e4e20\" data-element_type=\"section\" data-settings=\"{&quot;background_background&quot;:&quot;classic&quot;}\">\n\t\t\t\t\t\t<div class=\"elementor-container elementor-column-gap-default\">\n\t\t\t\t\t<div class=\"elementor-column elementor-col-100 elementor-top-column elementor-element elementor-element-c22c910\" data-id=\"c22c910\" data-element_type=\"column\">\n\t\t\t<div class=\"elementor-widget-wrap elementor-element-populated\">\n\t\t\t\t\t\t<div class=\"elementor-element elementor-element-7a1f780 elementor-invisible elementor-widget elementor-widget-text-editor\" data-id=\"7a1f780\" data-element_type=\"widget\" data-settings=\"{&quot;_animation&quot;:&quot;fadeIn&quot;,&quot;_animation_delay&quot;:150}\" data-widget_type=\"text-editor.default\">\n\t\t\t\t<div class=\"elementor-widget-container\">\n\t\t\t\t\t\t\t<h3>Una visi\u00f3n audaz para un futuro brillante<\/h3>\t\t\t\t\t\t<\/div>\n\t\t\t\t<\/div>\n\t\t\t\t<div class=\"elementor-element elementor-element-f050774 elementor-invisible elementor-widget elementor-widget-text-editor\" data-id=\"f050774\" data-element_type=\"widget\" data-settings=\"{&quot;_animation&quot;:&quot;fadeIn&quot;,&quot;_animation_delay&quot;:150}\" data-widget_type=\"text-editor.default\">\n\t\t\t\t<div class=\"elementor-widget-container\">\n\t\t\t\t\t\t\t<p>Todo est\u00e1 en el nombre: la marca EAZAE y el concepto comercial se crearon para hacer su vida... bueno, \u00a1m\u00e1s f\u00e1cil! Lo lograremos volviendo a los conceptos b\u00e1sicos de las interacciones humanas, simplificando los procesos e innovando formas de facilitar el acceso a varios tipos de servicios, donde uno experimentar\u00eda regularmente muchos puntos d\u00e9biles y frustraci\u00f3n.\u00a0<\/p><p>Con el lanzamiento de nuestra primera empresa con la marca EAZAE en Dubai, el objetivo es convertirse en el destino final para todos los servicios relacionados con bienes ra\u00edces en los Emiratos \u00c1rabes Unidos. Tenemos la intenci\u00f3n de lograr esto inculcando sentido com\u00fan y profesionalismo en una industria tradicionalmente despiadada, siendo leales y justos con los miembros de nuestro equipo, socios y clientes, implementando las \u00faltimas tecnolog\u00edas y centr\u00e1ndonos en una experiencia superior para el cliente. En 3 a\u00f1os, tendremos 3 % de los mejores agentes 3% en Dubai y 3% cuota de mercado.<\/p><p>Nuestro enfoque estrat\u00e9gico en Personas, Prop\u00f3sito y Desempe\u00f1o respalda todo lo que hacemos en nuestra ambici\u00f3n de ofrecer el valor m\u00e1s alto de manera constante.<\/p><p><strong>Gente<\/strong><br \/>Nuestra gente est\u00e1 en el coraz\u00f3n de lo que somos y de lo que hacemos. La marca EAZAE est\u00e1 en una posici\u00f3n \u00fanica para crear oportunidades de por vida y para impactar positivamente en las comunidades en las que opera. Nos enfocamos en crear equipos empoderados mediante el desarrollo de talento en personas con habilidades de liderazgo que fomentan una cultura inclusiva, permitiendo que todos sean ellos mismos y prosperen.<\/p><p><strong>Objetivo<\/strong><br \/>Constantemente buscamos formas de ser m\u00e1s responsables social y ambientalmente y de cambiar la forma en que los profesionales inmobiliarios navegan por el proceso de ayudar a los clientes a encontrar o vender una casa en Dub\u00e1i o en cualquier otro lugar. Nuestro prop\u00f3sito es<span style=\"color: var( --e-global-color-text );\">\u00a0fortalecer las relaciones con clientes, socios comerciales y comunidades locales al <\/span><span style=\"color: var( --e-global-color-text );\">impulsar la innovaci\u00f3n en el mercado basada en la transparencia y la cooperaci\u00f3n intrainstitucional.<\/span><\/p><p><strong>Actuaci\u00f3n<\/strong><br \/>En l\u00ednea con los principios kaizen de mejora constante, estamos implementando un enfoque \u00e1gil y original para nuestra estrategia de mejora del rendimiento. Con un fuerte enfoque en la educaci\u00f3n continua y el trabajo en equipo, priorizando las ideas sobre la jerarqu\u00eda, administramos nuestro negocio de manera eficiente y escalamos de manera sostenible mientras continuamos deleitando a nuestros clientes con soluciones de servicio innovadoras y efectivas.<\/p>\t\t\t\t\t\t<\/div>\n\t\t\t\t<\/div>\n\t\t\t\t\t<\/div>\n\t\t<\/div>\n\t\t\t\t\t<\/div>\n\t\t<\/section>\n\t\t\t\t<\/div>","protected":false},"excerpt":{"rendered":"<p>Our Vision We believe in long term vision over short term gains\u00a0 A Bold Vision for a Bright Future It&#8217;s all in the name &#8211; The EAZAE brand and business concept were created to make your life &#8230;well &#8211; easier! We are going back to the basics of human interactions, by simplifying processes and innovating ways to facilitate access to all types of services &#8230;<\/p>","protected":false},"author":1,"featured_media":0,"parent":0,"menu_order":0,"comment_status":"closed","ping_status":"closed","template":"","meta":{"footnotes":""},"class_list":["post-19637","page","type-page","status-publish","hentry"],"_links":{"self":[{"href":"https:\/\/eazae.com\/es\/wp-json\/wp\/v2\/pages\/19637","targetHints":{"allow":["GET"]}}],"collection":[{"href":"https:\/\/eazae.com\/es\/wp-json\/wp\/v2\/pages"}],"about":[{"href":"https:\/\/eazae.com\/es\/wp-json\/wp\/v2\/types\/page"}],"author":[{"embeddable":true,"href":"https:\/\/eazae.com\/es\/wp-json\/wp\/v2\/users\/1"}],"replies":[{"embeddable":true,"href":"https:\/\/eazae.com\/es\/wp-json\/wp\/v2\/comments?post=19637"}],"version-history":[{"count":101,"href":"https:\/\/eazae.com\/es\/wp-json\/wp\/v2\/pages\/19637\/revisions"}],"predecessor-version":[{"id":23037,"href":"https:\/\/eazae.com\/es\/wp-json\/wp\/v2\/pages\/19637\/revisions\/23037"}],"wp:attachment":[{"href":"https:\/\/eazae.com\/es\/wp-json\/wp\/v2\/media?parent=19637"}],"curies":[{"name":"wp","href":"https:\/\/api.w.org\/{rel}","templated":true}]}}