{"id":19632,"date":"2023-03-17T17:54:26","date_gmt":"2023-03-17T17:54:26","guid":{"rendered":"https:\/\/eazae.com\/?page_id=19632"},"modified":"2023-04-13T03:54:27","modified_gmt":"2023-04-12T23:54:27","slug":"values","status":"publish","type":"page","link":"https:\/\/eazae.com\/es\/values\/","title":{"rendered":"Los valores de"},"content":{"rendered":"<div data-elementor-type=\"wp-page\" data-elementor-id=\"19632\" class=\"elementor elementor-19632\">\n\t\t\t\t\t\t<section class=\"elementor-section elementor-top-section elementor-element elementor-element-c6d2fbd elementor-section-full_width elementor-section-height-min-height elementor-section-height-default elementor-section-items-middle\" data-id=\"c6d2fbd\" data-element_type=\"section\">\n\t\t\t\t\t\t\t<div class=\"elementor-background-overlay\"><\/div>\n\t\t\t\t\t\t\t<div class=\"elementor-container elementor-column-gap-default\">\n\t\t\t\t\t<div class=\"elementor-column elementor-col-100 elementor-top-column elementor-element elementor-element-8315505\" data-id=\"8315505\" data-element_type=\"column\">\n\t\t\t<div class=\"elementor-widget-wrap elementor-element-populated\">\n\t\t\t\t\t\t<div class=\"elementor-element elementor-element-3602a6e elementor-invisible elementor-widget elementor-widget-heading\" data-id=\"3602a6e\" data-element_type=\"widget\" data-settings=\"{&quot;_animation&quot;:&quot;fadeIn&quot;,&quot;_animation_delay&quot;:100}\" data-widget_type=\"heading.default\">\n\t\t\t\t<div class=\"elementor-widget-container\">\n\t\t\t<style>\/*! elementor - v3.23.0 - 05-08-2024 *\/\n.elementor-heading-title{padding:0;margin:0;line-height:1}.elementor-widget-heading .elementor-heading-title[class*=elementor-size-]>a{color:inherit;font-size:inherit;line-height:inherit}.elementor-widget-heading .elementor-heading-title.elementor-size-small{font-size:15px}.elementor-widget-heading .elementor-heading-title.elementor-size-medium{font-size:19px}.elementor-widget-heading .elementor-heading-title.elementor-size-large{font-size:29px}.elementor-widget-heading .elementor-heading-title.elementor-size-xl{font-size:39px}.elementor-widget-heading .elementor-heading-title.elementor-size-xxl{font-size:59px}<\/style><h2 class=\"elementor-heading-title elementor-size-default\">Nuestros valores<\/h2>\t\t<\/div>\n\t\t\t\t<\/div>\n\t\t\t\t<div class=\"elementor-element elementor-element-9709f04 elementor-invisible elementor-widget elementor-widget-text-editor\" data-id=\"9709f04\" data-element_type=\"widget\" data-settings=\"{&quot;_animation&quot;:&quot;fadeIn&quot;,&quot;_animation_delay&quot;:150}\" data-widget_type=\"text-editor.default\">\n\t\t\t\t<div class=\"elementor-widget-container\">\n\t\t\t<style>\/*! elementor - v3.23.0 - 05-08-2024 *\/\n.elementor-widget-text-editor.elementor-drop-cap-view-stacked .elementor-drop-cap{background-color:#69727d;color:#fff}.elementor-widget-text-editor.elementor-drop-cap-view-framed .elementor-drop-cap{color:#69727d;border:3px solid;background-color:transparent}.elementor-widget-text-editor:not(.elementor-drop-cap-view-default) .elementor-drop-cap{margin-top:8px}.elementor-widget-text-editor:not(.elementor-drop-cap-view-default) .elementor-drop-cap-letter{width:1em;height:1em}.elementor-widget-text-editor .elementor-drop-cap{float:left;text-align:center;line-height:1;font-size:50px}.elementor-widget-text-editor .elementor-drop-cap-letter{display:inline-block}<\/style>\t\t\t\t<p>Compromiso, Excelencia, Integridad, Eficiencia, Empoderamiento, Colaboraci\u00f3n<\/p>\t\t\t\t\t\t<\/div>\n\t\t\t\t<\/div>\n\t\t\t\t\t<\/div>\n\t\t<\/div>\n\t\t\t\t\t<\/div>\n\t\t<\/section>\n\t\t\t\t<section class=\"elementor-section elementor-top-section elementor-element elementor-element-931c800 elementor-section-boxed elementor-section-height-default elementor-section-height-default\" data-id=\"931c800\" data-element_type=\"section\" data-settings=\"{&quot;background_background&quot;:&quot;classic&quot;}\">\n\t\t\t\t\t\t<div class=\"elementor-container elementor-column-gap-default\">\n\t\t\t\t\t<div class=\"elementor-column elementor-col-100 elementor-top-column elementor-element elementor-element-775485e\" data-id=\"775485e\" data-element_type=\"column\">\n\t\t\t<div class=\"elementor-widget-wrap elementor-element-populated\">\n\t\t\t\t\t\t<div class=\"elementor-element elementor-element-23c7559 elementor-widget elementor-widget-icon-box\" data-id=\"23c7559\" data-element_type=\"widget\" data-widget_type=\"icon-box.default\">\n\t\t\t\t<div class=\"elementor-widget-container\">\n\t\t\t<link rel=\"stylesheet\" href=\"https:\/\/eazae.com\/wp-content\/uploads\/elementor\/css\/custom-widget-icon-box.min.css?ver=0\">\t\t<div class=\"elementor-icon-box-wrapper\">\n\n\t\t\t\n\t\t\t\t\t\t<div class=\"elementor-icon-box-content\">\n\n\t\t\t\t\t\t\t\t\t<h2 class=\"elementor-icon-box-title\">\n\t\t\t\t\t\t<span  >\n\t\t\t\t\t\t\tValores intransigentes que ofrecen WOW\t\t\t\t\t\t<\/span>\n\t\t\t\t\t<\/h2>\n\t\t\t\t\n\t\t\t\t\t\t\t\t\t<p class=\"elementor-icon-box-description\">\n\t\t\t\t\t\tLa creatividad, el ingenio, la calidad y la pasi\u00f3n por el servicio deben estar en el centro de cualquier gran empresa. Nuestros valores y principios definen nuestra marca, cultura, estrategias comerciales y qui\u00e9nes somos como profesionales en el mundo empresarial actual. Nuestros or\u00edgenes, mentalidades y puntos de vista diversos garantizan un enfoque matizado e inclusivo en beneficio de la sociedad en general. En EAZAE, nuestro objetivo es vivir de manera constante seg\u00fan los siguientes valores:\t\t\t\t\t<\/p>\n\t\t\t\t\n\t\t\t<\/div>\n\t\t\t\n\t\t<\/div>\n\t\t\t\t<\/div>\n\t\t\t\t<\/div>\n\t\t\t\t<div class=\"elementor-element elementor-element-3555f43 elementor-widget elementor-widget-icon-box\" data-id=\"3555f43\" data-element_type=\"widget\" data-widget_type=\"icon-box.default\">\n\t\t\t\t<div class=\"elementor-widget-container\">\n\t\t\t\t\t<div class=\"elementor-icon-box-wrapper\">\n\n\t\t\t\n\t\t\t\t\t\t<div class=\"elementor-icon-box-content\">\n\n\t\t\t\t\t\t\t\t\t<h3 class=\"elementor-icon-box-title\">\n\t\t\t\t\t\t<span  >\n\t\t\t\t\t\t\tCompromiso\t\t\t\t\t\t<\/span>\n\t\t\t\t\t<\/h3>\n\t\t\t\t\n\t\t\t\t\t\t\t\t\t<p class=\"elementor-icon-box-description\">\n\t\t\t\t\t\tEstamos comprometidos a brindar el m\u00e1s alto nivel de servicio al estar orientados a la soluci\u00f3n y siempre encontrando una manera de cumplir y superar las expectativas de nuestros clientes y socios.\n\t\t\t\t\t<\/p>\n\t\t\t\t\n\t\t\t<\/div>\n\t\t\t\n\t\t<\/div>\n\t\t\t\t<\/div>\n\t\t\t\t<\/div>\n\t\t\t\t<div class=\"elementor-element elementor-element-00ba5c6 elementor-widget elementor-widget-icon-box\" data-id=\"00ba5c6\" data-element_type=\"widget\" data-widget_type=\"icon-box.default\">\n\t\t\t\t<div class=\"elementor-widget-container\">\n\t\t\t\t\t<div class=\"elementor-icon-box-wrapper\">\n\n\t\t\t\n\t\t\t\t\t\t<div class=\"elementor-icon-box-content\">\n\n\t\t\t\t\t\t\t\t\t<h3 class=\"elementor-icon-box-title\">\n\t\t\t\t\t\t<span  >\n\t\t\t\t\t\t\tIntegridad\t\t\t\t\t\t<\/span>\n\t\t\t\t\t<\/h3>\n\t\t\t\t\n\t\t\t\t\t\t\t\t\t<p class=\"elementor-icon-box-description\">\n\t\t\t\t\t\tNos conducimos con los m\u00e1s altos est\u00e1ndares \u00e9ticos, demostrando honestidad y equidad en cada decisi\u00f3n y acci\u00f3n. No aprobamos las promesas vac\u00edas ni las pr\u00e1cticas comerciales enga\u00f1osas.\t\t\t\t\t<\/p>\n\t\t\t\t\n\t\t\t<\/div>\n\t\t\t\n\t\t<\/div>\n\t\t\t\t<\/div>\n\t\t\t\t<\/div>\n\t\t\t\t<div class=\"elementor-element elementor-element-39abd63 elementor-widget elementor-widget-icon-box\" data-id=\"39abd63\" data-element_type=\"widget\" data-widget_type=\"icon-box.default\">\n\t\t\t\t<div class=\"elementor-widget-container\">\n\t\t\t\t\t<div class=\"elementor-icon-box-wrapper\">\n\n\t\t\t\n\t\t\t\t\t\t<div class=\"elementor-icon-box-content\">\n\n\t\t\t\t\t\t\t\t\t<h3 class=\"elementor-icon-box-title\">\n\t\t\t\t\t\t<span  >\n\t\t\t\t\t\t\tEficiencia\t\t\t\t\t\t<\/span>\n\t\t\t\t\t<\/h3>\n\t\t\t\t\n\t\t\t\t\t\t\t\t\t<p class=\"elementor-icon-box-description\">\n\t\t\t\t\t\tNos enorgullecemos de relacionarnos con nuestros clientes, desarrolladores y socios estrat\u00e9gicos de manera expedita y productiva. Esto asegura que siempre estemos alineados y luchando juntos por el mejor resultado.\t\t\t\t\t<\/p>\n\t\t\t\t\n\t\t\t<\/div>\n\t\t\t\n\t\t<\/div>\n\t\t\t\t<\/div>\n\t\t\t\t<\/div>\n\t\t\t\t<div class=\"elementor-element elementor-element-1cfc9e0 elementor-widget elementor-widget-icon-box\" data-id=\"1cfc9e0\" data-element_type=\"widget\" data-widget_type=\"icon-box.default\">\n\t\t\t\t<div class=\"elementor-widget-container\">\n\t\t\t\t\t<div class=\"elementor-icon-box-wrapper\">\n\n\t\t\t\n\t\t\t\t\t\t<div class=\"elementor-icon-box-content\">\n\n\t\t\t\t\t\t\t\t\t<h3 class=\"elementor-icon-box-title\">\n\t\t\t\t\t\t<span  >\n\t\t\t\t\t\t\tEmpoderamiento\t\t\t\t\t\t<\/span>\n\t\t\t\t\t<\/h3>\n\t\t\t\t\n\t\t\t\t\t\t\t\t\t<p class=\"elementor-icon-box-description\">\n\t\t\t\t\t\tEstamos fomentando una cultura empresarial que permita el crecimiento de todos los miembros del equipo, no solo los que est\u00e1n en la cima o los fundadores. Una de las cosas \u00fanicas de nuestra marca es el estilo de gesti\u00f3n distribuida.\t\t\t\t\t<\/p>\n\t\t\t\t\n\t\t\t<\/div>\n\t\t\t\n\t\t<\/div>\n\t\t\t\t<\/div>\n\t\t\t\t<\/div>\n\t\t\t\t<div class=\"elementor-element elementor-element-725670e elementor-widget elementor-widget-icon-box\" data-id=\"725670e\" data-element_type=\"widget\" data-widget_type=\"icon-box.default\">\n\t\t\t\t<div class=\"elementor-widget-container\">\n\t\t\t\t\t<div class=\"elementor-icon-box-wrapper\">\n\n\t\t\t\n\t\t\t\t\t\t<div class=\"elementor-icon-box-content\">\n\n\t\t\t\t\t\t\t\t\t<h3 class=\"elementor-icon-box-title\">\n\t\t\t\t\t\t<span  >\n\t\t\t\t\t\t\tColaboraci\u00f3n\t\t\t\t\t\t<\/span>\n\t\t\t\t\t<\/h3>\n\t\t\t\t\n\t\t\t\t\t\t\t\t\t<p class=\"elementor-icon-box-description\">\n\t\t\t\t\t\tSiempre que sea necesario, recurrimos a nuestra red de profesionales para colaborar y cooperar, a fin de mejorar nuestra propuesta de valor y generar una experiencia de cliente notable.\t\t\t\t\t<\/p>\n\t\t\t\t\n\t\t\t<\/div>\n\t\t\t\n\t\t<\/div>\n\t\t\t\t<\/div>\n\t\t\t\t<\/div>\n\t\t\t\t\t<\/div>\n\t\t<\/div>\n\t\t\t\t\t<\/div>\n\t\t<\/section>\n\t\t\t\t<section class=\"elementor-section elementor-top-section elementor-element elementor-element-f7e4e20 elementor-section-full_width elementor-hidden-desktop elementor-hidden-tablet elementor-hidden-mobile elementor-hidden-widescreen elementor-section-height-default elementor-section-height-default\" data-id=\"f7e4e20\" data-element_type=\"section\" data-settings=\"{&quot;background_background&quot;:&quot;classic&quot;}\">\n\t\t\t\t\t\t<div class=\"elementor-container elementor-column-gap-default\">\n\t\t\t\t\t<div class=\"elementor-column elementor-col-100 elementor-top-column elementor-element elementor-element-c22c910\" data-id=\"c22c910\" data-element_type=\"column\" data-settings=\"{&quot;background_background&quot;:&quot;classic&quot;}\">\n\t\t\t<div class=\"elementor-widget-wrap elementor-element-populated\">\n\t\t\t\t\t\t<div class=\"elementor-element elementor-element-f050774 elementor-invisible elementor-widget elementor-widget-text-editor\" data-id=\"f050774\" data-element_type=\"widget\" data-settings=\"{&quot;_animation&quot;:&quot;fadeIn&quot;,&quot;_animation_delay&quot;:150}\" data-widget_type=\"text-editor.default\">\n\t\t\t\t<div class=\"elementor-widget-container\">\n\t\t\t\t\t\t\t<p>La creatividad, el ingenio, la calidad y la pasi\u00f3n por el servicio deben estar en el centro de cualquier gran empresa. Nuestros valores y principios definen nuestra cultura, marca, estrategias comerciales y qui\u00e9nes somos como profesionales en el mundo empresarial actual. Nuestros or\u00edgenes, mentalidades y puntos de vista diversos garantizan un enfoque matizado e inclusivo en beneficio de la sociedad en general. En EAZAE, nuestro objetivo es vivir de manera constante seg\u00fan los siguientes valores:<\/p><p>\u00a0<\/p><p><strong>Compromiso<\/strong><\/p><p>Estamos comprometidos a brindar el m\u00e1s alto nivel de servicio al estar orientados a la soluci\u00f3n y siempre encontrando una manera de cumplir y superar las expectativas de nuestros clientes y socios.<\/p><p>\u00a0<\/p><p><strong>Integridad<\/strong><\/p><p>Nos conducimos con los m\u00e1s altos est\u00e1ndares \u00e9ticos, demostrando honestidad y equidad en cada decisi\u00f3n y acci\u00f3n. No aprobamos las promesas vac\u00edas ni las pr\u00e1cticas comerciales enga\u00f1osas.<\/p><p>\u00a0<\/p><p><strong>Eficiencia<\/strong><\/p><p>Nos enorgullecemos de relacionarnos con nuestros clientes, desarrolladores y socios estrat\u00e9gicos de manera expedita y productiva. Esto asegura que siempre estemos alineados y luchando juntos por el mejor resultado.<\/p><p>\u00a0<\/p><p><strong>Empoderamiento<\/strong><\/p><p>Estamos fomentando una cultura empresarial que permita el crecimiento de todos los miembros del equipo, no solo los que est\u00e1n en la cima o los fundadores. Una de las cosas \u00fanicas de nuestra marca es el estilo de gesti\u00f3n distribuida.<\/p><p>\u00a0<\/p><p><strong>Colaboraci\u00f3n<\/strong><\/p><p>Siempre que sea necesario, recurrimos a nuestra red de profesionales para colaborar y cooperar, a fin de mejorar nuestra propuesta de valor y generar una experiencia de cliente notable.<\/p>\t\t\t\t\t\t<\/div>\n\t\t\t\t<\/div>\n\t\t\t\t\t<\/div>\n\t\t<\/div>\n\t\t\t\t\t<\/div>\n\t\t<\/section>\n\t\t\t\t<\/div>","protected":false},"excerpt":{"rendered":"<p>Our Values Commitment, Excellence, Integrity, Efficiency, Empowerment, Collaboration Uncompromising Values delivering the WOW Creativity, ingenuity, quality and passion for service must be at the core of any great enterprise. Our values and principles define our brand, culture, business strategies and who we are as professionals in today\u2019s corporate world. Our diverse backgrounds, mindset and views ensure a nuanced and inclusive approach for the benefit &#8230;<\/p>","protected":false},"author":1,"featured_media":0,"parent":0,"menu_order":0,"comment_status":"closed","ping_status":"closed","template":"elementor_header_footer","meta":{"footnotes":""},"class_list":["post-19632","page","type-page","status-publish","hentry"],"_links":{"self":[{"href":"https:\/\/eazae.com\/es\/wp-json\/wp\/v2\/pages\/19632","targetHints":{"allow":["GET"]}}],"collection":[{"href":"https:\/\/eazae.com\/es\/wp-json\/wp\/v2\/pages"}],"about":[{"href":"https:\/\/eazae.com\/es\/wp-json\/wp\/v2\/types\/page"}],"author":[{"embeddable":true,"href":"https:\/\/eazae.com\/es\/wp-json\/wp\/v2\/users\/1"}],"replies":[{"embeddable":true,"href":"https:\/\/eazae.com\/es\/wp-json\/wp\/v2\/comments?post=19632"}],"version-history":[{"count":89,"href":"https:\/\/eazae.com\/es\/wp-json\/wp\/v2\/pages\/19632\/revisions"}],"predecessor-version":[{"id":23088,"href":"https:\/\/eazae.com\/es\/wp-json\/wp\/v2\/pages\/19632\/revisions\/23088"}],"wp:attachment":[{"href":"https:\/\/eazae.com\/es\/wp-json\/wp\/v2\/media?parent=19632"}],"curies":[{"name":"wp","href":"https:\/\/api.w.org\/{rel}","templated":true}]}}